{"id":3067,"date":"2022-11-06T13:27:06","date_gmt":"2022-11-06T13:27:06","guid":{"rendered":"https:\/\/www.apaf.ma\/?page_id=3067"},"modified":"2023-02-02T21:32:25","modified_gmt":"2023-02-02T21:32:25","slug":"sympart23-inscription-exposant","status":"publish","type":"page","link":"https:\/\/www.apaf.ma\/ar\/sympart23-inscription-exposant\/","title":{"rendered":"Inscription Exposant"},"content":{"rendered":"<div data-elementor-type=\"wp-page\" data-elementor-id=\"3067\" class=\"elementor elementor-3067\">\n\t\t\t\t\t\t<section class=\"elementor-section elementor-top-section elementor-element elementor-element-72be0da elementor-section-full_width elementor-section-height-default elementor-section-height-default\" data-id=\"72be0da\" data-element_type=\"section\" data-e-type=\"section\" data-settings=\"{&quot;background_background&quot;:&quot;classic&quot;}\">\n\t\t\t\t\t\t<div class=\"elementor-container elementor-column-gap-default\">\n\t\t\t\t\t<div class=\"elementor-column elementor-col-100 elementor-top-column elementor-element elementor-element-95bb366\" data-id=\"95bb366\" data-element_type=\"column\" data-e-type=\"column\">\n\t\t\t<div class=\"elementor-widget-wrap elementor-element-populated\">\n\t\t\t\t\t\t<div class=\"elementor-element elementor-element-56710dc elementor-widget elementor-widget-html\" data-id=\"56710dc\" data-element_type=\"widget\" data-e-type=\"widget\" data-widget_type=\"html.default\">\n\t\t\t\t<div class=\"elementor-widget-container\">\n\t\t\t\t\t<style>\n    \n    .wpcf7-form-control.wpcf7-submit {\n        margin-top: 25px;\n     color: white;\n    background: #2A518E !important;\n                 border-radius: 5px;\n\n    font-weight: bold;\n}\n.wpcf7-form-control.wpcf7-submit:hover {\n      color: white;\n    background: #6e7d94 !important;\n}\n.wpcf7-form-control.wpcf7-submit:focus {\n      color: white;\n    background: #6e7d94 !important;\n}\n<\/style>\t\t\t\t<\/div>\n\t\t\t\t<\/div>\n\t\t\t\t<div class=\"elementor-element elementor-element-f045a02 elementor-view-default elementor-position-block-start elementor-mobile-position-block-start elementor-widget elementor-widget-icon-box\" data-id=\"f045a02\" data-element_type=\"widget\" data-e-type=\"widget\" data-widget_type=\"icon-box.default\">\n\t\t\t\t<div class=\"elementor-widget-container\">\n\t\t\t\t\t\t\t<div class=\"elementor-icon-box-wrapper\">\n\n\t\t\t\t\t\t<div class=\"elementor-icon-box-icon\">\n\t\t\t\t<span  class=\"elementor-icon\">\n\t\t\t\t<svg xmlns=\"http:\/\/www.w3.org\/2000\/svg\" xmlns:xlink=\"http:\/\/www.w3.org\/1999\/xlink\" id=\"Layer_1\" x=\"0px\" y=\"0px\" viewbox=\"0 0 512 512\" style=\"enable-background:new 0 0 512 512;\" xml:space=\"preserve\"><g>\t<g>\t\t<g>\t\t\t<path d=\"M153.6,366.933V384c0,4.71,3.823,8.533,8.533,8.533c4.71,0,8.533-3.823,8.533-8.533v-17.067    c0-4.71-3.823-8.533-8.533-8.533C157.423,358.4,153.6,362.223,153.6,366.933z\"><\/path>\t\t\t<path d=\"M503.467,494.933h-8.533v-268.8c0-4.71-3.823-8.533-8.533-8.533s-8.533,3.823-8.533,8.533v268.8H34.133v-268.8    c0-4.71-3.823-8.533-8.533-8.533c-4.71,0-8.533,3.823-8.533,8.533v268.8H8.533c-4.71,0-8.533,3.823-8.533,8.533    S3.823,512,8.533,512h494.933c4.71,0,8.533-3.823,8.533-8.533S508.177,494.933,503.467,494.933z\"><\/path>\t\t\t<path d=\"M196.267,477.867c4.71,0,8.533-3.823,8.533-8.533v-204.8c0-4.71-3.823-8.533-8.533-8.533H76.8    c-4.71,0-8.533,3.823-8.533,8.533v204.8c0,4.71,3.823,8.533,8.533,8.533s8.533-3.823,8.533-8.533V273.067h102.4v196.267    C187.733,474.044,191.556,477.867,196.267,477.867z\"><\/path>\t\t\t<path d=\"M355.9,309.7c-3.337-3.336-8.73-3.336-12.066,0c-3.337,3.337-3.337,8.73,0,12.066l34.133,34.133    c1.664,1.664,3.849,2.5,6.033,2.5c2.185,0,4.369-0.836,6.033-2.5c3.337-3.337,3.337-8.73,0-12.066L355.9,309.7z\"><\/path>\t\t\t<path d=\"M469.333,0H42.667C19.14,0,0,19.14,0,42.667v152.738c0,2.569,1.152,4.992,3.132,6.613c1.98,1.613,4.599,2.261,7.1,1.749    c13.628-2.765,25.114-10.897,32.427-21.914c9.173,13.824,24.883,22.946,42.675,22.946c17.784,0,33.485-9.114,42.667-22.929    c9.182,13.815,24.883,22.929,42.667,22.929s33.485-9.114,42.667-22.929C222.515,195.686,238.217,204.8,256,204.8    c17.784,0,33.485-9.114,42.667-22.929c9.182,13.815,24.883,22.929,42.667,22.929c17.783,0,33.485-9.114,42.667-22.929    c9.182,13.815,24.883,22.929,42.667,22.929c17.792,0,33.502-9.122,42.675-22.946c7.313,11.017,18.799,19.149,32.427,21.914    c2.517,0.521,5.112-0.128,7.1-1.749c1.98-1.621,3.132-4.045,3.132-6.613V42.667C512,19.14,492.86,0,469.333,0z M494.933,183.159    c-10.3-5.973-17.067-17.143-17.067-29.559V42.667c0-4.71-3.823-8.533-8.533-8.533s-8.533,3.823-8.533,8.533V153.6    c0,18.825-15.309,34.133-34.133,34.133s-34.133-15.309-34.133-34.133V42.667c0-4.71-3.823-8.533-8.533-8.533    s-8.533,3.823-8.533,8.533V153.6c0,18.825-15.309,34.133-34.133,34.133c-18.825,0-34.133-15.309-34.133-34.133V42.667    c0-4.71-3.823-8.533-8.533-8.533s-8.533,3.823-8.533,8.533V153.6c0,18.825-15.309,34.133-34.133,34.133    c-18.825,0-34.133-15.309-34.133-34.133V42.667c0-4.71-3.823-8.533-8.533-8.533c-4.71,0-8.533,3.823-8.533,8.533V153.6    c0,18.825-15.309,34.133-34.133,34.133s-34.133-15.309-34.133-34.133V42.667c0-4.71-3.823-8.533-8.533-8.533    s-8.533,3.823-8.533,8.533V153.6c0,18.825-15.309,34.133-34.133,34.133c-18.825,0-34.133-15.309-34.133-34.133V42.667    c0-4.71-3.823-8.533-8.533-8.533c-4.71,0-8.533,3.823-8.533,8.533V153.6c0,12.416-6.767,23.586-17.067,29.559V42.667    c0-14.114,11.486-25.6,25.6-25.6h426.667c14.114,0,25.6,11.486,25.6,25.6V183.159z\"><\/path>\t\t\t<path d=\"M435.2,443.733c4.71,0,8.533-3.823,8.533-8.533V264.533c0-4.71-3.823-8.533-8.533-8.533H230.4    c-4.71,0-8.533,3.823-8.533,8.533V435.2c0,4.71,3.823,8.533,8.533,8.533H435.2z M238.933,273.067h187.733v153.6H238.933V273.067z    \"><\/path>\t\t\t<path d=\"M390.033,292.634c-3.336-3.337-8.73-3.337-12.066,0c-3.336,3.337-3.336,8.73,0,12.066l17.067,17.067    c1.664,1.664,3.849,2.5,6.033,2.5c2.185,0,4.369-0.836,6.033-2.5c3.337-3.337,3.337-8.73,0-12.066L390.033,292.634z\"><\/path>\t\t<\/g>\t<\/g><\/g><g><\/g><g><\/g><g><\/g><g><\/g><g><\/g><g><\/g><g><\/g><g><\/g><g><\/g><g><\/g><g><\/g><g><\/g><g><\/g><g><\/g><g><\/g><\/svg>\t\t\t\t<\/span>\n\t\t\t<\/div>\n\t\t\t\n\t\t\t\t\t\t<div class=\"elementor-icon-box-content\">\n\n\t\t\t\t\t\t\t\t\t<h2 class=\"elementor-icon-box-title\">\n\t\t\t\t\t\t<span  >\n\t\t\t\t\t\t\tJ\u2019exprime mon int\u00e9r\u00eat pour pr\u00e9-r\u00e9server un stand\t\t\t\t\t\t<\/span>\n\t\t\t\t\t<\/h2>\n\t\t\t\t\n\t\t\t\t\n\t\t\t<\/div>\n\t\t\t\n\t\t<\/div>\n\t\t\t\t\t\t<\/div>\n\t\t\t\t<\/div>\n\t\t\t\t\t<\/div>\n\t\t<\/div>\n\t\t\t\t\t<\/div>\n\t\t<\/section>\n\t\t\t\t<section class=\"elementor-section elementor-top-section elementor-element elementor-element-41a3db9 elementor-section-boxed elementor-section-height-default elementor-section-height-default\" data-id=\"41a3db9\" data-element_type=\"section\" data-e-type=\"section\" data-settings=\"{&quot;background_background&quot;:&quot;classic&quot;}\">\n\t\t\t\t\t\t<div class=\"elementor-container elementor-column-gap-default\">\n\t\t\t\t\t<div class=\"elementor-column elementor-col-100 elementor-top-column elementor-element elementor-element-dea3527\" data-id=\"dea3527\" data-element_type=\"column\" data-e-type=\"column\">\n\t\t\t<div class=\"elementor-widget-wrap elementor-element-populated\">\n\t\t\t\t\t\t<div class=\"elementor-element elementor-element-ea894db elementor-widget elementor-widget-shortcode\" data-id=\"ea894db\" data-element_type=\"widget\" data-e-type=\"widget\" data-widget_type=\"shortcode.default\">\n\t\t\t\t<div class=\"elementor-widget-container\">\n\t\t\t\t\t\t\t<div class=\"elementor-shortcode\">\n<div class=\"wpcf7 no-js\" id=\"wpcf7-f3070-o1\" lang=\"en-US\" dir=\"ltr\" data-wpcf7-id=\"3070\">\n<div class=\"screen-reader-response\"><p role=\"status\" aria-live=\"polite\" aria-atomic=\"true\"><\/p> <ul><\/ul><\/div>\n<form action=\"\/ar\/wp-json\/wp\/v2\/pages\/3067#wpcf7-f3070-o1\" method=\"post\" class=\"wpcf7-form init\" aria-label=\"Contact form\" novalidate=\"novalidate\" data-status=\"init\" data-trp-original-action=\"\/ar\/wp-json\/wp\/v2\/pages\/3067#wpcf7-f3070-o1\">\n<fieldset class=\"hidden-fields-container\"><input type=\"hidden\" name=\"_wpcf7\" value=\"3070\" \/><input type=\"hidden\" name=\"_wpcf7_version\" value=\"6.1.5\" \/><input type=\"hidden\" name=\"_wpcf7_locale\" value=\"en_US\" \/><input type=\"hidden\" name=\"_wpcf7_unit_tag\" value=\"wpcf7-f3070-o1\" \/><input type=\"hidden\" name=\"_wpcf7_container_post\" value=\"0\" \/><input type=\"hidden\" name=\"_wpcf7_posted_data_hash\" value=\"\" \/><input type=\"hidden\" name=\"_wpcf7cf_hidden_group_fields\" value=\"[]\" \/><input type=\"hidden\" name=\"_wpcf7cf_hidden_groups\" value=\"[]\" \/><input type=\"hidden\" name=\"_wpcf7cf_visible_groups\" value=\"[]\" \/><input type=\"hidden\" name=\"_wpcf7cf_repeaters\" value=\"[]\" \/><input type=\"hidden\" name=\"_wpcf7cf_steps\" value=\"{}\" \/><input type=\"hidden\" name=\"_wpcf7cf_options\" value=\"{&quot;form_id&quot;:3070,&quot;conditions&quot;:[],&quot;settings&quot;:{&quot;animation&quot;:&quot;yes&quot;,&quot;animation_intime&quot;:200,&quot;animation_outtime&quot;:200,&quot;conditions_ui&quot;:&quot;normal&quot;,&quot;notice_dismissed&quot;:false}}\" \/>\n<\/fieldset>\n<div class=\"uacf7-form-wrapper-container uacf7-form-3070\"><label> Etablissement\n    <span class=\"wpcf7-form-control-wrap\" data-name=\"Establishment\"><input size=\"40\" maxlength=\"400\" class=\"wpcf7-form-control wpcf7-text wpcf7-validates-as-required\" aria-required=\"true\" aria-invalid=\"false\" value=\"\" type=\"text\" name=\"Establishment\" \/><\/span> <\/label>\n\n<label> Secteur d\u2019activit\u00e9\n    <span class=\"wpcf7-form-control-wrap\" data-name=\"Area\"><input size=\"40\" maxlength=\"400\" class=\"wpcf7-form-control wpcf7-text wpcf7-validates-as-required\" aria-required=\"true\" aria-invalid=\"false\" value=\"\" type=\"text\" name=\"Area\" \/><\/span> <\/label>\n\n<label> Souhait de rencontre BtoB lors de l\u2019\u00e9v\u00e8nement\n\n\n   <span class=\"wpcf7-form-control-wrap\" data-name=\"RDV\"><select class=\"wpcf7-form-control wpcf7-select\" aria-invalid=\"false\" multiple=\"multiple\" name=\"RDV[]\"><option value=\"\">&#8212;Please choose an option&#8212;<\/option><option value=\"RDV avec une Banque Participative\">RDV avec une Banque Participative<\/option><option value=\"RDV avec une Compagnie d\u2019Assurance\">RDV avec une Compagnie d\u2019Assurance<\/option><option value=\"RDV avec un Membre du Conseil Sup\u00e9rieur des Oul\u00e9mas\">RDV avec un Membre du Conseil Sup\u00e9rieur des Oul\u00e9mas<\/option><option value=\"RDV avec une Soci\u00e9t\u00e9 de Gestion d\u2019Actifs\">RDV avec une Soci\u00e9t\u00e9 de Gestion d\u2019Actifs<\/option><option value=\"RDV avec une soci\u00e9t\u00e9 de SUKUK Titrisation\">RDV avec une soci\u00e9t\u00e9 de SUKUK Titrisation<\/option><option value=\"RDV avec une Soci\u00e9t\u00e9 de Solutions Informatiques\">RDV avec une Soci\u00e9t\u00e9 de Solutions Informatiques<\/option><option value=\"RDV avec un R\u00e9gulateur\">RDV avec un R\u00e9gulateur<\/option><option value=\"RDV avec la Soci\u00e9t\u00e9 de Gestion des Fonds de Garantie\">RDV avec la Soci\u00e9t\u00e9 de Gestion des Fonds de Garantie<\/option><option value=\"RDV avec un responsable de l\u2019Acad\u00e9mie APAF\">RDV avec un responsable de l\u2019Acad\u00e9mie APAF<\/option><option value=\"l\u2019Agence Internationale Islamique de Notation\">l\u2019Agence Internationale Islamique de Notation<\/option><\/select><\/span>\n<label class=\"label-list5\">\u0627\u0636\u063a\u0637 \u0645\u0639 \u0627\u0644\u0627\u0633\u062a\u0645\u0631\u0627\u0631 \u0639\u0644\u0649 \u0632\u0631 Ctrl (\u0641\u064a Windows) \u0623\u0648 \u0632\u0631 Command (\u0641\u064a \u0646\u0638\u0627\u0645 \u0627\u0644\u062a\u0634\u063a\u064a\u0644 Mac) \u0644\u062a\u062d\u062f\u064a\u062f \u062e\u064a\u0627\u0631\u0627\u062a \u0645\u062a\u0639\u062f\u062f\u0629.<\/label>\n\n <\/label>\n\n<label> Nom de l\u2019interlocuteur \n    <span class=\"wpcf7-form-control-wrap\" data-name=\"Name\"><input size=\"40\" maxlength=\"400\" class=\"wpcf7-form-control wpcf7-text wpcf7-validates-as-required\" aria-required=\"true\" aria-invalid=\"false\" value=\"\" type=\"text\" name=\"Name\" \/><\/span> <\/label>\n\n<label> Email de correspondance\n    <span class=\"wpcf7-form-control-wrap\" data-name=\"Email\"><input size=\"40\" maxlength=\"400\" class=\"wpcf7-form-control wpcf7-email wpcf7-validates-as-required wpcf7-text wpcf7-validates-as-email\" aria-required=\"true\" aria-invalid=\"false\" value=\"\" type=\"email\" name=\"Email\" \/><\/span> <\/label>\n\n<label> T\u00e9l\u00e9phone\n    <span class=\"wpcf7-form-control-wrap\" data-name=\"Phone\"><input size=\"40\" maxlength=\"400\" class=\"wpcf7-form-control wpcf7-tel wpcf7-validates-as-required wpcf7-text wpcf7-validates-as-tel\" aria-required=\"true\" aria-invalid=\"false\" value=\"\" type=\"tel\" name=\"Phone\" \/><\/span> <\/label>\n\n\n<input class=\"wpcf7-form-control wpcf7-submit has-spinner\" type=\"submit\" value=\"Envoyer\" \/><\/div><div class=\"wpcf7-response-output\" aria-hidden=\"true\"><\/div>\n<input type=\"hidden\" name=\"trp-form-language\" value=\"ar\"\/><\/form>\n<\/div>\n<\/div>\n\t\t\t\t\t\t<\/div>\n\t\t\t\t<\/div>\n\t\t\t\t\t<\/div>\n\t\t<\/div>\n\t\t\t\t\t<\/div>\n\t\t<\/section>\n\t\t\t\t<\/div>","protected":false},"excerpt":{"rendered":"<p>J\u2019exprime mon int\u00e9r\u00eat pour pr\u00e9-r\u00e9server un stand<\/p>","protected":false},"author":1,"featured_media":0,"parent":0,"menu_order":0,"comment_status":"closed","ping_status":"closed","template":"","meta":{"site-sidebar-layout":"no-sidebar","site-content-layout":"page-builder","ast-global-header-display":"","ast-main-header-display":"","ast-hfb-above-header-display":"","ast-hfb-below-header-display":"","ast-hfb-mobile-header-display":"","site-post-title":"disabled","ast-breadcrumbs-content":"","ast-featured-img":"disabled","footer-sml-layout":"","theme-transparent-header-meta":"","adv-header-id-meta":"","stick-header-meta":"","header-above-stick-meta":"","header-main-stick-meta":"","header-below-stick-meta":"","footnotes":""},"class_list":["post-3067","page","type-page","status-publish","hentry"],"_links":{"self":[{"href":"https:\/\/www.apaf.ma\/ar\/wp-json\/wp\/v2\/pages\/3067","targetHints":{"allow":["GET"]}}],"collection":[{"href":"https:\/\/www.apaf.ma\/ar\/wp-json\/wp\/v2\/pages"}],"about":[{"href":"https:\/\/www.apaf.ma\/ar\/wp-json\/wp\/v2\/types\/page"}],"author":[{"embeddable":true,"href":"https:\/\/www.apaf.ma\/ar\/wp-json\/wp\/v2\/users\/1"}],"replies":[{"embeddable":true,"href":"https:\/\/www.apaf.ma\/ar\/wp-json\/wp\/v2\/comments?post=3067"}],"version-history":[{"count":35,"href":"https:\/\/www.apaf.ma\/ar\/wp-json\/wp\/v2\/pages\/3067\/revisions"}],"predecessor-version":[{"id":3780,"href":"https:\/\/www.apaf.ma\/ar\/wp-json\/wp\/v2\/pages\/3067\/revisions\/3780"}],"wp:attachment":[{"href":"https:\/\/www.apaf.ma\/ar\/wp-json\/wp\/v2\/media?parent=3067"}],"curies":[{"name":"wp","href":"https:\/\/api.w.org\/{rel}","templated":true}]}}