{"id":3003,"date":"2022-11-05T14:24:02","date_gmt":"2022-11-05T14:24:02","guid":{"rendered":"https:\/\/www.apaf.ma\/?page_id=3003"},"modified":"2023-02-25T11:50:54","modified_gmt":"2023-02-25T11:50:54","slug":"sympart23-inscription-visiteur","status":"publish","type":"page","link":"https:\/\/www.apaf.ma\/ar\/sympart23-inscription-visiteur\/","title":{"rendered":"Inscription visiteur"},"content":{"rendered":"\t\t<div data-elementor-type=\"wp-page\" data-elementor-id=\"3003\" class=\"elementor elementor-3003\">\n\t\t\t\t\t\t<section class=\"elementor-section elementor-top-section elementor-element elementor-element-b0b2caf elementor-section-boxed elementor-section-height-default elementor-section-height-default\" data-id=\"b0b2caf\" data-element_type=\"section\" data-e-type=\"section\" data-settings=\"{&quot;background_background&quot;:&quot;classic&quot;}\">\n\t\t\t\t\t\t<div class=\"elementor-container elementor-column-gap-default\">\n\t\t\t\t\t<div class=\"elementor-column elementor-col-100 elementor-top-column elementor-element elementor-element-43597b9\" data-id=\"43597b9\" data-element_type=\"column\" data-e-type=\"column\">\n\t\t\t<div class=\"elementor-widget-wrap elementor-element-populated\">\n\t\t\t\t\t\t<div class=\"elementor-element elementor-element-59ae0cf elementor-widget elementor-widget-html\" data-id=\"59ae0cf\" data-element_type=\"widget\" data-e-type=\"widget\" data-widget_type=\"html.default\">\n\t\t\t\t<div class=\"elementor-widget-container\">\n\t\t\t\t\t<style>\n@media only screen and (max-width: 768px) {\n  .wpcf7-form label {\n   font-size: 15px;\n  }\n.steps-form .steps-row .steps-step p {\n\n    font-size: 13px;\n}\n\nbutton.uacf7-next:after {\n  \n    font-size: 14px !important;\n\n}\n.wpcf7-not-valid-tip {\n    \n    font-size: 13px;\n}\n\n.steps-form{\n text-align: center !important;\n}\n\n.steps-form .steps-row .steps-step{\n    \n    margin-right: 25px;\n}\n}\n\n    button.uacf7-next:after{\n    content: \"Continuer\";\n    font-size: 19px;\n    font-weight: bold !important;\n\n}\n.wpcf7-form-control.wpcf7-submit {\n    margin-top: 10px;\n     color: white;\n    background: #2A518E !important;\n                 border-radius: 5px;\n\n    font-weight: bold;\n}\n.wpcf7-form-control.wpcf7-submit:hover {\n      color: white;\n    background: #6e7d94 !important;\n}\n.wpcf7-form-control.wpcf7-submit:focus {\n      color: white;\n    background: #6e7d94 !important;\n}\n button.uacf7-next:focus{\n         color: white;\n    background: #6e7d94 !important;\n        \n    }\n  button.uacf7-next:hover{\n         color: white;\n    background: #6e7d94 !important;\n        \n    }\n    \n    button.uacf7-next{\n        background :#2A518E !important;\n         border-radius: 5px;\n font-size: 0px !important;\n   color:\"white\";\n\n}\n\n\nbutton.uacf7-prev{\n        background :black !important;\n font-size: 0px !important;\n        border-radius: 5px;\n\n color: white !important;\n}\n\n    button.uacf7-prev:after{\n    content: \"Retour\";\n    font-size: 17px !important;\n    font-weight: bold !important;\n}\n.steps-step p {\n    color: #424242;\n    font-weight: 500;\n    font-size: 19px;\n}\n\n.submit-button {\n    margin-top: 20px;\n}\n\n.btn.btn-circle.uacf7-btn-default:not(.uacf7-btn-active) {\n    pointer-events: none;\n}\n.wpcf7 form.sent .wpcf7-response-output{\n    \n    font-weight: 400;\n    color: black;\n}\n \n<\/style>\n\n<script type=\"text\/javascript\">\n\n    const html = document.getElementsByTagName('html')\n    console.log(html[0].getAttribute(\"dir\"))\nlet message1 = html[0].getAttribute(\"dir\") ? '.\u0633\u064a\u0631\u0633\u0644 \u0644\u0643 \u0627\u0644\u0645\u0646\u0638\u0645\u0648\u0646 \u0631\u0627\u0628\u0637 \u0627\u062a\u0635\u0627\u0644 \u0627\u0644\u0628\u062b \u0627\u0644\u0645\u0628\u0627\u0634\u0631 \u0648\u0627\u0644\u0628\u0631\u0646\u0627\u0645\u062c \u0625\u0644\u0649 \u0628\u0631\u064a\u062f\u0643 \u0627\u0644\u0625\u0644\u0643\u062a\u0631\u0648\u0646\u064a'\n: 'Les organisateurs vous enverrons le lien de connexion en Live Streaming et le Programme sur votre email.'\n\nlet message2 = html[0].getAttribute(\"dir\") ? '\u0633\u064a\u0631\u0633\u0644 \u0627\u0644\u0645\u0646\u0638\u0645\u0648\u0646 \u0644\u0643 \u0627\u0644\u0628\u0631\u0646\u0627\u0645\u062c \u0639\u0644\u0649 \u0628\u0631\u064a\u062f\u0643 \u0627\u0644\u0625\u0644\u0643\u062a\u0631\u0648\u0646\u064a'\n: 'Les organisateurs vous enverrons le Programme sur votre email'\n    \n  function redirectTo (){\n      window.location.replace(\"https:\/\/www.apaf.ma\/sympart23\")\n\n    }\n    \ndocument.addEventListener( 'wpcf7submit', function( event ) {\n    console.log(\"submit\")\n\n  var inputs = event.detail.inputs[12];\n  \n  console.log(\"inputs\",inputs)\n\n     \nif(inputs.value && inputs.value === \"\u00e0 distance\"){\n     alert(message1)\n      setTimeout(redirectTo,7000)\n\n }else{\nalert(message2)   \n       setTimeout(redirectTo,7000)\n\n }\n    \n\n \n}, false );\n\n\n\n<\/script>\t\t\t\t<\/div>\n\t\t\t\t<\/div>\n\t\t\t\t<div class=\"elementor-element elementor-element-b5e8f11 elementor-view-default elementor-position-block-start elementor-mobile-position-block-start elementor-widget elementor-widget-icon-box\" data-id=\"b5e8f11\" data-element_type=\"widget\" data-e-type=\"widget\" data-widget_type=\"icon-box.default\">\n\t\t\t\t<div class=\"elementor-widget-container\">\n\t\t\t\t\t\t\t<div class=\"elementor-icon-box-wrapper\">\n\n\t\t\t\t\t\t<div class=\"elementor-icon-box-icon\">\n\t\t\t\t<span  class=\"elementor-icon\">\n\t\t\t\t<i aria-hidden=\"true\" class=\"far fa-id-badge\"><\/i>\t\t\t\t<\/span>\n\t\t\t<\/div>\n\t\t\t\n\t\t\t\t\t\t<div class=\"elementor-icon-box-content\">\n\n\t\t\t\t\t\t\t\t\t<h1 class=\"elementor-icon-box-title\">\n\t\t\t\t\t\t<span  >\n\t\t\t\t\t\t\tJe m\u2019inscris pour obtenir mon badge de visiteur\t\t\t\t\t\t<\/span>\n\t\t\t\t\t<\/h1>\n\t\t\t\t\n\t\t\t\t\n\t\t\t<\/div>\n\t\t\t\n\t\t<\/div>\n\t\t\t\t\t\t<\/div>\n\t\t\t\t<\/div>\n\t\t\t\t\t<\/div>\n\t\t<\/div>\n\t\t\t\t\t<\/div>\n\t\t<\/section>\n\t\t\t\t<section class=\"elementor-section elementor-top-section elementor-element elementor-element-6bfec31 elementor-section-boxed elementor-section-height-default elementor-section-height-default\" data-id=\"6bfec31\" data-element_type=\"section\" data-e-type=\"section\" data-settings=\"{&quot;background_background&quot;:&quot;classic&quot;}\">\n\t\t\t\t\t\t<div class=\"elementor-container elementor-column-gap-default\">\n\t\t\t\t\t<div class=\"elementor-column elementor-col-100 elementor-top-column elementor-element elementor-element-fc33efe\" data-id=\"fc33efe\" data-element_type=\"column\" data-e-type=\"column\">\n\t\t\t<div class=\"elementor-widget-wrap elementor-element-populated\">\n\t\t\t\t\t\t<div class=\"elementor-element elementor-element-da76b4e elementor-widget elementor-widget-shortcode\" data-id=\"da76b4e\" data-element_type=\"widget\" data-e-type=\"widget\" data-widget_type=\"shortcode.default\">\n\t\t\t\t<div class=\"elementor-widget-container\">\n\t\t\t\t\t\t\t<div class=\"elementor-shortcode\">\n<div class=\"wpcf7 no-js\" id=\"wpcf7-f3002-o1\" lang=\"en-US\" dir=\"ltr\" data-wpcf7-id=\"3002\">\n<div class=\"screen-reader-response\"><p role=\"status\" aria-live=\"polite\" aria-atomic=\"true\"><\/p> <ul><\/ul><\/div>\n<form action=\"\/ar\/wp-json\/wp\/v2\/pages\/3003#wpcf7-f3002-o1\" method=\"post\" class=\"wpcf7-form init\" aria-label=\"Contact form\" novalidate=\"novalidate\" data-status=\"init\">\n<fieldset class=\"hidden-fields-container\"><input type=\"hidden\" name=\"_wpcf7\" value=\"3002\" \/><input type=\"hidden\" name=\"_wpcf7_version\" value=\"6.1.5\" \/><input type=\"hidden\" name=\"_wpcf7_locale\" value=\"en_US\" \/><input type=\"hidden\" name=\"_wpcf7_unit_tag\" value=\"wpcf7-f3002-o1\" \/><input type=\"hidden\" name=\"_wpcf7_container_post\" value=\"0\" \/><input type=\"hidden\" name=\"_wpcf7_posted_data_hash\" value=\"\" \/><input type=\"hidden\" name=\"_wpcf7cf_hidden_group_fields\" value=\"[]\" \/><input type=\"hidden\" name=\"_wpcf7cf_hidden_groups\" value=\"[]\" \/><input type=\"hidden\" name=\"_wpcf7cf_visible_groups\" value=\"[]\" \/><input type=\"hidden\" name=\"_wpcf7cf_repeaters\" value=\"[]\" \/><input type=\"hidden\" name=\"_wpcf7cf_steps\" value=\"{}\" \/><input type=\"hidden\" name=\"_wpcf7cf_options\" value=\"{&quot;form_id&quot;:3002,&quot;conditions&quot;:[{&quot;then_field&quot;:&quot;group-9689&quot;,&quot;and_rules&quot;:[{&quot;if_field&quot;:&quot;Competition&quot;,&quot;operator&quot;:&quot;equals&quot;,&quot;if_value&quot;:&quot;Oui&quot;}]},{&quot;then_field&quot;:&quot;group-979&quot;,&quot;and_rules&quot;:[{&quot;if_field&quot;:&quot;Selection&quot;,&quot;operator&quot;:&quot;equals&quot;,&quot;if_value&quot;:&quot;Oui&quot;}]},{&quot;then_field&quot;:&quot;group-836&quot;,&quot;and_rules&quot;:[{&quot;if_field&quot;:&quot;Answer&quot;,&quot;operator&quot;:&quot;equals&quot;,&quot;if_value&quot;:&quot;Oui&quot;}]}],&quot;settings&quot;:{&quot;animation&quot;:&quot;yes&quot;,&quot;animation_intime&quot;:200,&quot;animation_outtime&quot;:200,&quot;conditions_ui&quot;:&quot;normal&quot;,&quot;notice_dismissed&quot;:false}}\" \/>\n<\/fieldset>\n<style>.uacf7-prev, .uacf7-next, .wpcf7-submit{   }  <\/style>\t\t\t\t\t<div class=\"uacf7-steps steps-form\" style=\"display:none\">\n\t\t\t\t\t\t<div class=\"steps-row setup-panel\">\n\t\t\t\t\t\t\t\t\t\t\t\t\t\t\t<div class=\"steps-step\">\n\t\t\t\t\t\t\t\t\t<a title-id=\".step-1\"\n\t\t\t\t\t\t\t\t\t\tdata-form-id=\"3002\"\n\t\t\t\t\t\t\t\t\t\thref=\"#3002step-1\"\n\t\t\t\t\t\t\t\t\t\ttype=\"button\">\n\t\t\t\t\t\t\t\t\t<\/a>\n\t\t\t\t\t\t\t\t<\/div>\n\t\t\t\t\t\t\t\t\t\t\t\t\t\t\t\t<div class=\"steps-step\">\n\t\t\t\t\t\t\t\t\t<a title-id=\".step-2\"\n\t\t\t\t\t\t\t\t\t\tdata-form-id=\"3002\"\n\t\t\t\t\t\t\t\t\t\thref=\"#3002step-2\"\n\t\t\t\t\t\t\t\t\t\ttype=\"button\">\n\t\t\t\t\t\t\t\t\t<\/a>\n\t\t\t\t\t\t\t\t<\/div>\n\t\t\t\t\t\t\t\t\t\t\t\t\t\t<\/div>\n\t\t\t\t\t<\/div>\n\t\t\t\t\n\t\t\t\t\t<style>\n\t\t.steps-form .steps-row .steps-step .btn-circle {\n\t\t\t\t\t\t\t\t\t\t\t\t\t\t\t\t\t\t\t\t\t\t\t}\n\n\t\t.steps-form .steps-row .steps-step .btn-circle img {\n\t\t\t\t\t}\n\n\t\t.steps-form .steps-row .steps-step .btn-circle.uacf7-btn-active,\n\t\t.steps-form .steps-row .steps-step .btn-circle:hover,\n\t\t.steps-form .steps-row .steps-step .btn-circle:focus,\n\t\t.steps-form .steps-row .steps-step .btn-circle:active {\n\t\t\t\t\t\t\t\t}\n\n\t\t.steps-form .steps-row .steps-step p {\n\t\t\t\t\t}\n\n\t\t.steps-form .steps-row::before {\n\t\t\t\t\t}\n\n\t\t\t<\/style>\n\t\t\t\t\t\t\t\t\t\t\t\n\t\t\t\t\t\t\t\t\t\t\t\t\n\t\t\t\t\t\t\t\t\t\t\t\t<div class=\"uacf7-steps steps-form \">\n\t\t\t\t\t\t\t<div class=\"steps-row setup-panel\">\n\t\t\t\t\t\t\t\t\n\t\t\t\t\t\t\t\t\t<div class=\"steps-step\">\n\t\t\t\t\t\t\t\t\t\t<a title-id=\".step-1\"\n\t\t\t\t\t\t\t\t\t\t\tdata-form-id=\"3002\"\n\t\t\t\t\t\t\t\t\t\t\thref=\"#3002step-1\" type=\"button\"\n\t\t\t\t\t\t\t\t\t\t\tclass=\"btn uacf7-btn-active btn-circle\">1\t\t\t\t\t\t\t\t\t\t<\/a>\n\t\t\t\t\t\t\t\t\t\t<div class=\"steps-info\">\n\t\t\t\t\t\t\t\t\t\t\t<p>Premi\u00e8re \u00e9tape<\/p>\t\t\t\t\t\t\t\t\t\t<\/div>\n\t\t\t\t\t\t\t\t\t<\/div>\n\t\t\t\t\t\t\t\t\t\n\t\t\t\t\t\t\t\t\t<div class=\"steps-step\">\n\t\t\t\t\t\t\t\t\t\t<a title-id=\".step-2\"\n\t\t\t\t\t\t\t\t\t\t\tdata-form-id=\"3002\"\n\t\t\t\t\t\t\t\t\t\t\thref=\"#3002step-2\" type=\"button\"\n\t\t\t\t\t\t\t\t\t\t\tclass=\"btn uacf7-btn-default btn-circle\">2\t\t\t\t\t\t\t\t\t\t<\/a>\n\t\t\t\t\t\t\t\t\t\t<div class=\"steps-info\">\n\t\t\t\t\t\t\t\t\t\t\t<p>Deuxi\u00e8me \u00e9tape<\/p>\t\t\t\t\t\t\t\t\t\t<\/div>\n\t\t\t\t\t\t\t\t\t<\/div>\n\t\t\t\t\t\t\t\t\t\t\t\t\t\t\t\t<\/div>\n\t\t\t\t\t\t<\/div>\n\t\t\t\t\t\t\t\t\t\t\t\t\t\t\t\t\t\t\t<div class=\"uacf7-multisetp-form\">\n\t\t\t\t\t<div class=\"uacf7-form-wrapper-container uacf7-form-3002  \">\t\t<div class=\"uacf7-step uacf7-step-3002 step-content\"\n\t\t\tnext-btn-text=\"Next\" prev-btn-text=\"Previous\">\n\t\t\t\n<label> Pr\u00e9nom et Nom\n    <span class=\"wpcf7-form-control-wrap\" data-name=\"FullName\"><input size=\"40\" maxlength=\"400\" class=\"wpcf7-form-control wpcf7-text wpcf7-validates-as-required\" aria-required=\"true\" aria-invalid=\"false\" value=\"\" type=\"text\" name=\"FullName\" \/><\/span> <\/label>\n<label> Entreprise\n    <span class=\"wpcf7-form-control-wrap\" data-name=\"Company\"><input size=\"40\" maxlength=\"400\" class=\"wpcf7-form-control wpcf7-text wpcf7-validates-as-required\" aria-required=\"true\" aria-invalid=\"false\" value=\"\" type=\"text\" name=\"Company\" \/><\/span> <\/label>\n<label> Activit\u00e9  <span class=\"wpcf7-form-control-wrap\" data-name=\"Activity\"><select class=\"wpcf7-form-control wpcf7-select wpcf7-validates-as-required\" aria-required=\"true\" aria-invalid=\"false\" name=\"Activity\"><option value=\"\">&#8212;Please choose an option&#8212;<\/option><option value=\"Cadre - \u0625\u0637\u0627\u0631\">Cadre - \u0625\u0637\u0627\u0631<\/option><option value=\"Directeur - \u0645\u062f\u064a\u0631\">Directeur - \u0645\u062f\u064a\u0631<\/option><option value=\"Employ\u00e9 - \u0627\u0644\u0645\u0648\u0638\u0641\">Employ\u00e9 - \u0627\u0644\u0645\u0648\u0638\u0641<\/option><option value=\"Commer\u00e7ant - \u062a\u0627\u062c\u0631\">Commer\u00e7ant - \u062a\u0627\u062c\u0631<\/option><option value=\"Universitaire - \u062c\u0627\u0645\u0639\u064a\">Universitaire - \u062c\u0627\u0645\u0639\u064a<\/option><option value=\"Enseignant - \u0645\u062f\u0631\u0633\">Enseignant - \u0645\u062f\u0631\u0633<\/option><option value=\"Etudiant - \u0637\u0627\u0644\u0628\">Etudiant - \u0637\u0627\u0644\u0628<\/option><option value=\"G\u00e9rante de foyer - \u0645\u062f\u064a\u0631 \u0627\u0644\u0645\u0646\u0632\u0644\">G\u00e9rante de foyer - \u0645\u062f\u064a\u0631 \u0627\u0644\u0645\u0646\u0632\u0644<\/option><\/select><\/span>\n<\/label>\n<label> Adresse mail\n    <span class=\"wpcf7-form-control-wrap\" data-name=\"Email\"><input size=\"40\" maxlength=\"400\" class=\"wpcf7-form-control wpcf7-text wpcf7-validates-as-required\" aria-required=\"true\" aria-invalid=\"false\" value=\"\" type=\"text\" name=\"Email\" \/><\/span> <\/label>\n<label> Num\u00e9ro de t\u00e9l\u00e9phone\n    <span class=\"wpcf7-form-control-wrap\" data-name=\"Phone\"><input size=\"40\" maxlength=\"400\" class=\"wpcf7-form-control wpcf7-tel wpcf7-validates-as-required wpcf7-text wpcf7-validates-as-tel\" aria-required=\"true\" aria-invalid=\"false\" value=\"\" type=\"tel\" name=\"Phone\" \/><\/span> <\/label>\n\t\t\t<p class=\"uacf7-buttons\">\n\t\t\t\t<button class=\"uacf7-prev\"\n\t\t\t\t\tdata-form-id=\"3002\">Previous<\/button>\n\t\t\t\t<button class=\"uacf7-next\"\n\t\t\t\t\tdata-form-id=\"3002\">Next<\/button>\n\t\t\t\t<span class=\"wpcf7-spinner uacf7-ajax-loader\"><\/span>\n\t\t\t<\/p>\n\t\t<\/div>\n\t\t\n\n\t\t<div class=\"uacf7-step uacf7-step-3002 step-content\"\n\t\t\tnext-btn-text=\"Next\" prev-btn-text=\"Previous\">\n\t\t\t\n\n<label class=\"label-list\">Je veux postuler au concours des M\u00e9moires de Master en finance Participative et islamique : <\/label> \n<span class=\"wpcf7-form-control-wrap\" data-name=\"Competition\"><span class=\"wpcf7-form-control wpcf7-radio\"><span class=\"wpcf7-list-item first\"><input type=\"radio\" name=\"Competition\" value=\"Non\" checked=\"checked\" \/><span class=\"wpcf7-list-item-label\">Non<\/span><\/span><span class=\"wpcf7-list-item last\"><input type=\"radio\" name=\"Competition\" value=\"Oui\" \/><span class=\"wpcf7-list-item-label\">Oui<\/span><\/span><\/span><\/span>\n\n<div data-id=\"group-9689\" data-orig_data_id=\"group-9689\"  class=\"\" data-class=\"wpcf7cf_group\">\n<label> Titre du m\u00e9moire :\n    <span class=\"wpcf7-form-control-wrap\" data-name=\"Title\"><input size=\"40\" maxlength=\"400\" class=\"wpcf7-form-control wpcf7-text wpcf7-validates-as-required\" aria-required=\"true\" aria-invalid=\"false\" value=\"\" type=\"text\" name=\"Title\" \/><\/span> <\/label>\n<label> Ann\u00e9e de soutenance :\n    <span class=\"wpcf7-form-control-wrap\" data-name=\"Years\"><input size=\"40\" maxlength=\"400\" class=\"wpcf7-form-control wpcf7-text wpcf7-validates-as-required\" aria-required=\"true\" aria-invalid=\"false\" value=\"\" type=\"text\" name=\"Years\" \/><\/span> <\/label>\n<\/div>\n\n\n\n\n<label class=\"label-list\">Je veux postuler \u00e0 la s\u00e9lection des admissions pour la formation certifiante de 3 jours en Finance Participative et Islamique : <\/label> \n<span class=\"wpcf7-form-control-wrap\" data-name=\"Selection\"><span class=\"wpcf7-form-control wpcf7-radio\"><span class=\"wpcf7-list-item first\"><input type=\"radio\" name=\"Selection\" value=\"Non\" checked=\"checked\" \/><span class=\"wpcf7-list-item-label\">Non<\/span><\/span><span class=\"wpcf7-list-item last\"><input type=\"radio\" name=\"Selection\" value=\"Oui\" \/><span class=\"wpcf7-list-item-label\">Oui<\/span><\/span><\/span><\/span>\n\n<div data-id=\"group-979\" data-orig_data_id=\"group-979\"  class=\"\" data-class=\"wpcf7cf_group\">\n\n<label> Dernier dipl\u00f4me obtenu :\n    <span class=\"wpcf7-form-control-wrap\" data-name=\"Diploma\"><input size=\"40\" maxlength=\"400\" class=\"wpcf7-form-control wpcf7-text wpcf7-validates-as-required\" aria-required=\"true\" aria-invalid=\"false\" value=\"\" type=\"text\" name=\"Diploma\" \/><\/span> <\/label>\n<label> Sp\u00e9cialit\u00e9 :\n    <span class=\"wpcf7-form-control-wrap\" data-name=\"Speciality\"><input size=\"40\" maxlength=\"400\" class=\"wpcf7-form-control wpcf7-text wpcf7-validates-as-required\" aria-required=\"true\" aria-invalid=\"false\" value=\"\" type=\"text\" name=\"Speciality\" \/><\/span> <\/label>\n<\/div>\n\n<label class=\"label-list\">Je souhaite qu\u2019on m\u2019organise un Rendez-vous BtoC avec un des  exposants au SYMPART <\/label> \n<span class=\"wpcf7-form-control-wrap\" data-name=\"Answer\"><span class=\"wpcf7-form-control wpcf7-radio\"><span class=\"wpcf7-list-item first\"><input type=\"radio\" name=\"Answer\" value=\"Non\" checked=\"checked\" \/><span class=\"wpcf7-list-item-label\">Non<\/span><\/span><span class=\"wpcf7-list-item last\"><input type=\"radio\" name=\"Answer\" value=\"Oui\" \/><span class=\"wpcf7-list-item-label\">Oui<\/span><\/span><\/span><\/span>\n\n<div data-id=\"group-836\" data-orig_data_id=\"group-836\"  class=\"\" data-class=\"wpcf7cf_group\">\n\n<label>Veuillez s\u00e9lectionner un choix <\/label>\n\n<span class=\"wpcf7-form-control-wrap\" data-name=\"Exposant\"><select class=\"wpcf7-form-control wpcf7-select wpcf7-validates-as-required\" aria-required=\"true\" aria-invalid=\"false\" multiple=\"multiple\" name=\"Exposant[]\"><option value=\"Bank Assafa\">Bank Assafa<\/option><option value=\"Umnia Bank\">Umnia Bank<\/option><option value=\"Alakhdar Bank\">Alakhdar Bank<\/option><option value=\"Bank Allyousr\">Bank Allyousr<\/option><option value=\"Dar alamane\">Dar alamane<\/option><option value=\"Bank Erreda\">Bank Erreda<\/option><option value=\"Assurance Takafulia\">Assurance Takafulia<\/option><option value=\"Wafa Takaful\">Wafa Takaful<\/option><option value=\"Ataaouniya Takaful\">Ataaouniya Takaful<\/option><option value=\"Al Maghribia Takaful\">Al Maghribia Takaful<\/option><option value=\"HPS de Solutions de mon\u00e9tique\">HPS de Solutions de mon\u00e9tique<\/option><option value=\"S2M de Solutions de mon\u00e9tique\">S2M de Solutions de mon\u00e9tique<\/option><option value=\"Maghreb titrisation Sukuk\">Maghreb titrisation Sukuk<\/option><option value=\"BMCE titrisation Sukuk\">BMCE titrisation Sukuk<\/option><option value=\"Almaali Conseil en Finances Participative\">Almaali Conseil en Finances Participative<\/option><option value=\"R\u00e9gulateur des Assurances ACAPS\">R\u00e9gulateur des Assurances ACAPS<\/option><option value=\"IIRA Agence de notation Internationale\">IIRA Agence de notation Internationale<\/option><option value=\"Concessionnaire AutoHall\">Concessionnaire AutoHall<\/option><option value=\"Promoteur Immobilier\">Promoteur Immobilier<\/option><option value=\"l\u2019Agence Internationale Islamique de Notation\">l\u2019Agence Internationale Islamique de Notation<\/option><option value=\"l\u2019Institut de la Banque Islamique de D\u00e9veloppement\">l\u2019Institut de la Banque Islamique de D\u00e9veloppement<\/option><\/select><\/span>\n<label class=\"label-list5\">Maintenez enfonc\u00e9 le bouton Ctrl (Windows) ou Commande (Mac) pour s\u00e9lectionner plusieurs options.<\/label>\n\n\n<\/div>\n\n<label class=\"label-list3\">Je veux participer au programme de conf\u00e9rences <\/label> \n<span class=\"wpcf7-form-control-wrap\" data-name=\"Mode\"><span class=\"wpcf7-form-control wpcf7-radio\" id=\"present\"><span class=\"wpcf7-list-item first\"><input type=\"radio\" name=\"Mode\" value=\"Pr\u00e9senciel\" checked=\"checked\" \/><span class=\"wpcf7-list-item-label\">Pr\u00e9senciel<\/span><\/span><span class=\"wpcf7-list-item last\"><input type=\"radio\" name=\"Mode\" value=\"\u00e0 distance\" \/><span class=\"wpcf7-list-item-label\">\u00e0 distance<\/span><\/span><\/span><\/span>\n\n\n\n\n<input class=\"wpcf7-form-control wpcf7-submit has-spinner submit-button\" type=\"submit\" value=\"Envoyer\" \/>\n\t\t\t<p class=\"uacf7-buttons\">\n\t\t\t\t<button class=\"uacf7-prev\"\n\t\t\t\t\tdata-form-id=\"3002\">Previous<\/button>\n\t\t\t\t<button class=\"uacf7-next\"\n\t\t\t\t\tdata-form-id=\"3002\">Next<\/button>\n\t\t\t\t<span class=\"wpcf7-spinner uacf7-ajax-loader\"><\/span>\n\t\t\t<\/p>\n\t\t<\/div>\n\t\t<\/div>\t\t\t\t<\/div>\n\t\t\t\t<div class=\"wpcf7-response-output\" aria-hidden=\"true\"><\/div>\n<\/form>\n<\/div>\n<\/div>\n\t\t\t\t\t\t<\/div>\n\t\t\t\t<\/div>\n\t\t\t\t\t<\/div>\n\t\t<\/div>\n\t\t\t\t\t<\/div>\n\t\t<\/section>\n\t\t\t\t<\/div>\n\t\t","protected":false},"excerpt":{"rendered":"<p>\u0623\u062a\u0633\u062c\u0644 \u0644\u0644\u062d\u0635\u0648\u0644 \u0639\u0644\u0649 \u0634\u0627\u0631\u0629 \u0627\u0644\u0632\u0627\u0626\u0631 \u0639\u0646 \u0637\u0631\u064a\u0642 \u0627\u0644\u0625\u064a\u0645\u064a\u0644<\/p>","protected":false},"author":1,"featured_media":0,"parent":0,"menu_order":0,"comment_status":"closed","ping_status":"closed","template":"","meta":{"site-sidebar-layout":"no-sidebar","site-content-layout":"page-builder","ast-global-header-display":"","ast-main-header-display":"","ast-hfb-above-header-display":"","ast-hfb-below-header-display":"","ast-hfb-mobile-header-display":"","site-post-title":"disabled","ast-breadcrumbs-content":"","ast-featured-img":"disabled","footer-sml-layout":"","theme-transparent-header-meta":"","adv-header-id-meta":"","stick-header-meta":"","header-above-stick-meta":"","header-main-stick-meta":"","header-below-stick-meta":"","footnotes":""},"class_list":["post-3003","page","type-page","status-publish","hentry"],"_links":{"self":[{"href":"https:\/\/www.apaf.ma\/ar\/wp-json\/wp\/v2\/pages\/3003","targetHints":{"allow":["GET"]}}],"collection":[{"href":"https:\/\/www.apaf.ma\/ar\/wp-json\/wp\/v2\/pages"}],"about":[{"href":"https:\/\/www.apaf.ma\/ar\/wp-json\/wp\/v2\/types\/page"}],"author":[{"embeddable":true,"href":"https:\/\/www.apaf.ma\/ar\/wp-json\/wp\/v2\/users\/1"}],"replies":[{"embeddable":true,"href":"https:\/\/www.apaf.ma\/ar\/wp-json\/wp\/v2\/comments?post=3003"}],"version-history":[{"count":483,"href":"https:\/\/www.apaf.ma\/ar\/wp-json\/wp\/v2\/pages\/3003\/revisions"}],"predecessor-version":[{"id":3935,"href":"https:\/\/www.apaf.ma\/ar\/wp-json\/wp\/v2\/pages\/3003\/revisions\/3935"}],"wp:attachment":[{"href":"https:\/\/www.apaf.ma\/ar\/wp-json\/wp\/v2\/media?parent=3003"}],"curies":[{"name":"wp","href":"https:\/\/api.w.org\/{rel}","templated":true}]}}