{"id":2879,"date":"2022-07-21T14:17:24","date_gmt":"2022-07-21T14:17:24","guid":{"rendered":"https:\/\/www.apaf.mas\/?page_id=2879"},"modified":"2023-10-27T14:19:46","modified_gmt":"2023-10-27T14:19:46","slug":"fondateurs","status":"publish","type":"page","link":"https:\/\/www.apaf.ma\/ar\/fondateurs\/","title":{"rendered":"\u0627\u0644\u0645\u0624\u0633\u0633\u0648\u0646"},"content":{"rendered":"<div data-elementor-type=\"wp-page\" data-elementor-id=\"2879\" class=\"elementor elementor-2879\">\n\t\t\t\t\t\t<section class=\"elementor-section elementor-top-section elementor-element elementor-element-0d2daa8 elementor-section-boxed elementor-section-height-default elementor-section-height-default\" data-id=\"0d2daa8\" data-element_type=\"section\" data-e-type=\"section\">\n\t\t\t\t\t\t<div class=\"elementor-container elementor-column-gap-default\">\n\t\t\t\t\t<div class=\"elementor-column elementor-col-100 elementor-top-column elementor-element elementor-element-ab22d1d\" data-id=\"ab22d1d\" data-element_type=\"column\" data-e-type=\"column\">\n\t\t\t<div class=\"elementor-widget-wrap elementor-element-populated\">\n\t\t\t\t\t\t<div class=\"elementor-element elementor-element-ffe6bc8 elementor-widget elementor-widget-heading\" data-id=\"ffe6bc8\" data-element_type=\"widget\" data-e-type=\"widget\" data-widget_type=\"heading.default\">\n\t\t\t\t<div class=\"elementor-widget-container\">\n\t\t\t\t\t<h2 class=\"elementor-heading-title elementor-size-default\">\u0623\u0639\u0636\u0627\u0621 \u0645\u062c\u0644\u0633 \u0627\u0644\u0625\u062f\u0627\u0631\u0629<\/h2>\t\t\t\t<\/div>\n\t\t\t\t<\/div>\n\t\t\t\t\t<\/div>\n\t\t<\/div>\n\t\t\t\t\t<\/div>\n\t\t<\/section>\n\t\t\t\t<section class=\"elementor-section elementor-top-section elementor-element elementor-element-83097c7 elementor-section-boxed elementor-section-height-default elementor-section-height-default\" data-id=\"83097c7\" data-element_type=\"section\" data-e-type=\"section\">\n\t\t\t\t\t\t<div class=\"elementor-container elementor-column-gap-default\">\n\t\t\t\t\t<div class=\"elementor-column elementor-col-100 elementor-top-column elementor-element elementor-element-6818723\" data-id=\"6818723\" data-element_type=\"column\" data-e-type=\"column\">\n\t\t\t<div class=\"elementor-widget-wrap elementor-element-populated\">\n\t\t\t\t\t\t<div class=\"elementor-element elementor-element-38156cd elementor-widget elementor-widget-html\" data-id=\"38156cd\" data-element_type=\"widget\" data-e-type=\"widget\" data-widget_type=\"html.default\">\n\t\t\t\t<div class=\"elementor-widget-container\">\n\t\t\t\t\t<table>\n    <tbody >\n        <tr>\n            <td>\u0639\u0628\u062f \u0627\u0644\u0631\u062d\u0645\u0627\u0646 \u0644\u062d\u0644\u0648, <b>\u0631\u0626\u064a\u0633<\/b><\/td>\n            <td>\u0627\u0633\u062a\u0634\u0627\u0631\u064a \u0641\u064a \u0627\u0644\u062a\u0645\u0648\u064a\u0644 \u0627\u0644\u062a\u0634\u0627\u0631\u0643\u064a<\/td>\n        <\/tr>\n         <tr>\n               <td >\u0645\u062d\u0645\u062f \u0627\u0644\u0639\u0644\u0627\u0645\u064a, <b>\u0646\u0627\u0626\u0628 \u0627\u0644\u0631\u0626\u064a\u0633<\/b><\/td>\n            <td>\u0625\u0637\u0627\u0631 \u0633\u0627\u0628\u0642 \u0641\u064a \u0627\u0644\u0628\u0646\u0643 \u0627\u0644\u0625\u0633\u0644\u0627\u0645\u064a \u0644\u0644\u062a\u0646\u0645\u064a\u0629<\/td>\n            \n          \n        <\/tr>\n          <tr>\n            <td> \u0633\u0644\u0645\u0649 \u0639\u0631\u0628\u064a,\n            <b>\u0623\u0645\u064a\u0646\u0629 \u0627\u0644\u0635\u0646\u062f\u0648\u0642<\/b>\n            <\/td>\n            <td>\u0623\u0633\u062a\u0627\u0630\u0629 \u0628\u0627\u0644\u0645\u062f\u0631\u0633\u0629 \u0627\u0644\u0648\u0637\u0646\u064a\u0629 \u0644\u0644\u062a\u062c\u0627\u0631\u0629 \u0648\u0627\u0644\u0625\u062f\u0627\u0631\u0629 \u0633\u0637\u0627\u062a<\/td>\n        <\/tr>\n                  <tr>\n                      \n            <td >\u0645\u062d\u0645\u062f \u0623\u0645\u064a\u0646 \u0623\u0643\u0648\u0632\u0648\u0644 , <b>\u0627\u0644\u0623\u0645\u064a\u0646 \u0627\u0644\u0639\u0627\u0645<\/b><\/td>\n            <td>\u0645\u0634\u0631\u0641 \u0639\u0646 \u0627\u0644\u0645\u0637\u0627\u0628\u0642\u0629 \u0627\u0644\u0634\u0631\u0639\u064a\u0629 \u0641\u064a \u0634\u0631\u0643\u0629 \u0627\u0644\u062a\u0643\u0627\u0641\u0644 \u0627\u0644\u062a\u0639\u0627\u0648\u0646\u064a\u0629\n<\/td>\n        <\/tr>\n                <tr>\n            <td>\u0643\u0627\u0645\u064a\u0644\u064a\u0627 \u0635\u062d\u0627\u0642\u064a , <b>\u0627\u0644\u0623\u0645\u064a\u0646\u0629 \u0627\u0644\u0639\u0627\u0645\u0629 \u0627\u0644\u0645\u0633\u0627\u0639\u062f\u0629<\/b><\/td>\n            <td>\u0637\u0627\u0644\u0628\u0629 \u062f\u0643\u062a\u0648\u0631\u0627\u0647 \u0641\u064a \u0627\u0644\u0645\u0627\u0644\u064a\u0629 \u0627\u0644\u062a\u0634\u0627\u0631\u0643\u064a\u0629 \u0648\u0625\u0637\u0627\u0631 \u0641\u064a \u0627\u0644\u062a\u0623\u0645\u064a\u0646<\/td>\n        <\/tr>\n    <\/tbody>\n<\/table>\n\t\t\t\t<\/div>\n\t\t\t\t<\/div>\n\t\t\t\t\t<\/div>\n\t\t<\/div>\n\t\t\t\t\t<\/div>\n\t\t<\/section>\n\t\t\t\t<\/div>","protected":false},"excerpt":{"rendered":"<p>Membres du Conseil d\u2019Administration Abderrahmane LAHLOU, Pr\u00e9sident Expert Consultant en Finance participative Mohammed EL ALAMI, Vice-Pr\u00e9sident Ancien Cadre Sup\u00e9rieur \u00e0 la BID Salma ARABI, Tr\u00e9sori\u00e8re Enseignante de FP \u00e0 l\u2019ENCG Settat Mohamed Amine AGOUZOUL, Secr\u00e9taire G\u00e9n\u00e9ral Responsable Conformit\u00e9 Charia de Taaounyia Takaful MAMDA-MCMA Cam\u00e9lia SEHAQI, SG Adjointe Doctorante en FP et Cadre d\u2019Assurance<\/p>","protected":false},"author":1,"featured_media":0,"parent":0,"menu_order":0,"comment_status":"closed","ping_status":"closed","template":"","meta":{"site-sidebar-layout":"no-sidebar","site-content-layout":"page-builder","ast-global-header-display":"","ast-main-header-display":"","ast-hfb-above-header-display":"","ast-hfb-below-header-display":"","ast-hfb-mobile-header-display":"","site-post-title":"disabled","ast-breadcrumbs-content":"","ast-featured-img":"disabled","footer-sml-layout":"","theme-transparent-header-meta":"","adv-header-id-meta":"","stick-header-meta":"","header-above-stick-meta":"","header-main-stick-meta":"","header-below-stick-meta":"","footnotes":""},"class_list":["post-2879","page","type-page","status-publish","hentry"],"_links":{"self":[{"href":"https:\/\/www.apaf.ma\/ar\/wp-json\/wp\/v2\/pages\/2879","targetHints":{"allow":["GET"]}}],"collection":[{"href":"https:\/\/www.apaf.ma\/ar\/wp-json\/wp\/v2\/pages"}],"about":[{"href":"https:\/\/www.apaf.ma\/ar\/wp-json\/wp\/v2\/types\/page"}],"author":[{"embeddable":true,"href":"https:\/\/www.apaf.ma\/ar\/wp-json\/wp\/v2\/users\/1"}],"replies":[{"embeddable":true,"href":"https:\/\/www.apaf.ma\/ar\/wp-json\/wp\/v2\/comments?post=2879"}],"version-history":[{"count":28,"href":"https:\/\/www.apaf.ma\/ar\/wp-json\/wp\/v2\/pages\/2879\/revisions"}],"predecessor-version":[{"id":4074,"href":"https:\/\/www.apaf.ma\/ar\/wp-json\/wp\/v2\/pages\/2879\/revisions\/4074"}],"wp:attachment":[{"href":"https:\/\/www.apaf.ma\/ar\/wp-json\/wp\/v2\/media?parent=2879"}],"curies":[{"name":"wp","href":"https:\/\/api.w.org\/{rel}","templated":true}]}}