{"id":2850,"date":"2022-07-21T13:57:06","date_gmt":"2022-07-21T13:57:06","guid":{"rendered":"https:\/\/www.apaf.mas\/?page_id=2850"},"modified":"2022-07-21T15:01:00","modified_gmt":"2022-07-21T15:01:00","slug":"partenariats","status":"publish","type":"page","link":"https:\/\/www.apaf.ma\/ar\/partenariats\/","title":{"rendered":"\u0627\u0644\u0634\u0631\u0627\u0643\u0627\u062a"},"content":{"rendered":"<div data-elementor-type=\"wp-page\" data-elementor-id=\"2850\" class=\"elementor elementor-2850\">\n\t\t\t\t\t\t<section class=\"elementor-section elementor-top-section elementor-element elementor-element-2bfa073 elementor-section-boxed elementor-section-height-default elementor-section-height-default\" data-id=\"2bfa073\" data-element_type=\"section\" data-e-type=\"section\">\n\t\t\t\t\t\t<div class=\"elementor-container elementor-column-gap-default\">\n\t\t\t\t\t<div class=\"elementor-column elementor-col-100 elementor-top-column elementor-element elementor-element-13c1a64\" data-id=\"13c1a64\" data-element_type=\"column\" data-e-type=\"column\">\n\t\t\t<div class=\"elementor-widget-wrap elementor-element-populated\">\n\t\t\t\t\t\t<div class=\"elementor-element elementor-element-508780d elementor-widget elementor-widget-heading\" data-id=\"508780d\" data-element_type=\"widget\" data-e-type=\"widget\" data-widget_type=\"heading.default\">\n\t\t\t\t<div class=\"elementor-widget-container\">\n\t\t\t\t\t<h2 class=\"elementor-heading-title elementor-size-default\">\u0627\u0644\u0634\u0631\u0627\u0643\u0627\u062a \u0627\u0644\u0645\u0647\u0646\u064a\u0629\n<\/h2>\t\t\t\t<\/div>\n\t\t\t\t<\/div>\n\t\t\t\t<div class=\"elementor-element elementor-element-e5620fc elementor-widget elementor-widget-heading\" data-id=\"e5620fc\" data-element_type=\"widget\" data-e-type=\"widget\" data-widget_type=\"heading.default\">\n\t\t\t\t<div class=\"elementor-widget-container\">\n\t\t\t\t\t<h6 class=\"elementor-heading-title elementor-size-default\">\u0627\u0644\u0645\u0624\u0633\u0633\u0627\u062a \u0627\u0644\u0623\u0643\u0627\u062f\u064a\u0645\u064a\u0629 \u0648\u0627\u0644\u0639\u0644\u0645\u064a\u0629<\/h6>\t\t\t\t<\/div>\n\t\t\t\t<\/div>\n\t\t\t\t<div class=\"elementor-element elementor-element-a87df5d elementor-drop-cap-yes elementor-drop-cap-view-default elementor-widget elementor-widget-text-editor\" data-id=\"a87df5d\" data-element_type=\"widget\" data-e-type=\"widget\" data-settings=\"{&quot;drop_cap&quot;:&quot;yes&quot;}\" data-widget_type=\"text-editor.default\">\n\t\t\t\t<div class=\"elementor-widget-container\">\n\t\t\t\t\t\t\t\t\t<h6>- \u0627\u0644\u062c\u0627\u0645\u0639\u0627\u062a \u0627\u0644\u0648\u0637\u0646\u064a\u0629 \u0648\u0627\u0644\u0625\u0642\u0644\u064a\u0645\u064a\u0629 (\u062a\u0648\u0639\u064a\u0629 \u0627\u0644\u0637\u0644\u0627\u0628 \u0648\u062f\u0639\u0645 \u0627\u0644\u0628\u062d\u062b)<br \/><br \/>\u00a0- \u0645\u0624\u0633\u0633\u0627\u062a \u0627\u0644\u062a\u0639\u0644\u064a\u0645 \u0627\u0644\u0639\u0627\u0644\u064a \u0627\u0644\u062e\u0627\u0635\u0629 \u0648\u0627\u0644\u0639\u0645\u0648\u0645\u064a\u0629 (\u0627\u0644\u062a\u0639\u0644\u064a\u0645 \u0627\u0644\u0645\u0627\u0644\u064a \u0644\u0644\u0637\u0644\u0627\u0628)<br \/><br \/>- \u0623\u0643\u0627\u062f\u064a\u0645\u064a\u0627\u062a \u0627\u0644\u062a\u0639\u0644\u064a\u0645 \u0627\u0644\u062c\u0647\u0648\u064a\u0629 (\u0627\u0644\u062a\u0639\u0644\u064a\u0645 \u0627\u0644\u0645\u0627\u0644\u064a \u0627\u0644\u0623\u062e\u0644\u0627\u0642\u064a \u0644\u0637\u0644\u0627\u0628 \u0627\u0644\u0645\u062f\u0627\u0631\u0633)<\/h6>\t\t\t\t\t\t\t\t<\/div>\n\t\t\t\t<\/div>\n\t\t\t\t<div class=\"elementor-element elementor-element-7cf06a6 elementor-widget elementor-widget-heading\" data-id=\"7cf06a6\" data-element_type=\"widget\" data-e-type=\"widget\" data-widget_type=\"heading.default\">\n\t\t\t\t<div class=\"elementor-widget-container\">\n\t\t\t\t\t<h6 class=\"elementor-heading-title elementor-size-default\">\u0645\u0639 \u0647\u064a\u0622\u062a \u0627\u0644\u0645\u062c\u062a\u0645\u0639 \u0627\u0644\u0645\u062f\u0646\u064a<\/h6>\t\t\t\t<\/div>\n\t\t\t\t<\/div>\n\t\t\t\t<div class=\"elementor-element elementor-element-fc8d05b elementor-drop-cap-yes elementor-drop-cap-view-default elementor-widget elementor-widget-text-editor\" data-id=\"fc8d05b\" data-element_type=\"widget\" data-e-type=\"widget\" data-settings=\"{&quot;drop_cap&quot;:&quot;yes&quot;}\" data-widget_type=\"text-editor.default\">\n\t\t\t\t<div class=\"elementor-widget-container\">\n\t\t\t\t\t\t\t\t\t<h6>- \u0627\u0644\u062c\u0645\u0639\u064a\u0627\u062a \u0627\u0644\u0645\u062d\u0644\u064a\u0629 \u0648\u0627\u0644\u0625\u0642\u0644\u064a\u0645\u064a\u0629 (\u062a\u0639\u0628\u0626\u0629 \u0623\u0647\u062f\u0627\u0641 \u0627\u0644\u062a\u0639\u0644\u064a\u0645 \u0627\u0644\u0645\u0627\u0644\u064a \u0648\u0627\u0644\u0644\u0648\u062c\u0633\u062a\u064a)<\/h6><h6>- \u0645\u0624\u0633\u0633\u0627\u062a \u0627\u0644\u062a\u0645\u0648\u064a\u0644 \u0627\u0644\u0623\u0635\u063a\u0631 \u0648\u0627\u0644\u0645\u0642\u0627\u0648\u0644\u064a\u0646 \u0627\u0644\u0630\u0627\u062a\u064a\u064a\u0646 (\u0627\u0644\u062a\u0639\u0627\u0648\u0646 \u0641\u064a \u0627\u0644\u062a\u0639\u0644\u064a\u0645 \u0627\u0644\u0645\u0627\u0644\u064a \u0641\u064a \u0627\u0644\u062a\u0645\u0648\u064a\u0644 \u0627\u0644\u062a\u0634\u0627\u0631\u0643\u064a)<\/h6>\t\t\t\t\t\t\t\t<\/div>\n\t\t\t\t<\/div>\n\t\t\t\t<div class=\"elementor-element elementor-element-5429a9c elementor-widget elementor-widget-heading\" data-id=\"5429a9c\" data-element_type=\"widget\" data-e-type=\"widget\" data-widget_type=\"heading.default\">\n\t\t\t\t<div class=\"elementor-widget-container\">\n\t\t\t\t\t<h6 class=\"elementor-heading-title elementor-size-default\">\u0645\u0639 \u0627\u0644\u0645\u0624\u0633\u0633\u0627\u062a \u0627\u0644\u0645\u0627\u0644\u064a\u0629<\/h6>\t\t\t\t<\/div>\n\t\t\t\t<\/div>\n\t\t\t\t<div class=\"elementor-element elementor-element-12ed84c elementor-drop-cap-yes elementor-drop-cap-view-default elementor-widget elementor-widget-text-editor\" data-id=\"12ed84c\" data-element_type=\"widget\" data-e-type=\"widget\" data-settings=\"{&quot;drop_cap&quot;:&quot;yes&quot;}\" data-widget_type=\"text-editor.default\">\n\t\t\t\t<div class=\"elementor-widget-container\">\n\t\t\t\t\t\t\t\t\t<h6>- \u0627\u0644\u0628\u0646\u0648\u0643 \u0648\u0627\u0644\u0646\u0648\u0627\u0641\u0630 \u0627\u0644\u062a\u0634\u0627\u0631\u0643\u064a\u0629 \u0627\u0644\u0648\u0637\u0646\u064a\u0629 \u0648\u0627\u0644\u0625\u0642\u0644\u064a\u0645\u064a\u0629 (\u062a\u0648\u0639\u064a\u0629 \u0627\u0644\u0645\u0648\u062f\u0639\u064a\u0646 \u0648\u0627\u0644\u0645\u0633\u062a\u062b\u0645\u0631\u064a\u0646)<\/h6><h6>- \u0634\u0631\u0643\u0627\u062a \u0627\u0644\u062a\u0623\u0645\u064a\u0646 \u0627\u0644\u062a\u0643\u0627\u0641\u0644\u064a (\u0627\u0644\u062a\u0648\u0639\u064a\u0629 \u0628\u0645\u0632\u0627\u064a\u0627 \u0627\u0644\u062a\u0623\u0645\u064a\u0646)<\/h6><h6>- \u0634\u0631\u0643\u0627\u062a \u0625\u062f\u0627\u0631\u0629 \u0627\u0644\u0635\u0646\u0627\u062f\u064a\u0642 (\u0627\u0644\u062a\u0648\u0639\u064a\u0629 \u0628\u0641\u0636\u0627\u0626\u0644 \u0627\u0644\u0627\u062f\u062e\u0627\u0631)<\/h6><h6>- \u0627\u0644\u0628\u0648\u0631\u0635\u0629 (\u0627\u0644\u062a\u0648\u0639\u064a\u0629 \u0628\u0641\u0636\u0627\u0626\u0644 \u0627\u0644\u0627\u062f\u062e\u0627\u0631)<\/h6>\t\t\t\t\t\t\t\t<\/div>\n\t\t\t\t<\/div>\n\t\t\t\t<div class=\"elementor-element elementor-element-507b3e3 elementor-widget elementor-widget-heading\" data-id=\"507b3e3\" data-element_type=\"widget\" data-e-type=\"widget\" data-widget_type=\"heading.default\">\n\t\t\t\t<div class=\"elementor-widget-container\">\n\t\t\t\t\t<h6 class=\"elementor-heading-title elementor-size-default\">\u0645\u0639 \u0627\u0644\u0645\u0624\u0633\u0633\u0627\u062a \u0627\u0644\u062d\u0643\u0648\u0645\u064a\u0629 \u0648\u0627\u0644\u0631\u0633\u0645\u064a\u0629\n<\/h6>\t\t\t\t<\/div>\n\t\t\t\t<\/div>\n\t\t\t\t<div class=\"elementor-element elementor-element-92f1fa0 elementor-drop-cap-yes elementor-drop-cap-view-default elementor-widget elementor-widget-text-editor\" data-id=\"92f1fa0\" data-element_type=\"widget\" data-e-type=\"widget\" data-settings=\"{&quot;drop_cap&quot;:&quot;yes&quot;}\" data-widget_type=\"text-editor.default\">\n\t\t\t\t<div class=\"elementor-widget-container\">\n\t\t\t\t\t\t\t\t\t<h6>- \u0627\u0644\u0645\u0624\u0633\u0633\u0629 \u0627\u0644\u0648\u0637\u0646\u064a\u0629 \u0644\u0644\u062a\u062b\u0642\u064a\u0641 \u0627\u0644\u0645\u0627\u0644\u064a \u0644\u0628\u0646\u0643 \u0627\u0644\u0645\u063a\u0631\u0628 (\u0627\u0644\u0639\u0645\u0644 \u0627\u0644\u062a\u0639\u0627\u0648\u0646\u064a \u0644\u0644\u062a\u0639\u0644\u064a\u0645 \u0627\u0644\u0645\u0627\u0644\u064a)<\/h6><h6>- \u0627\u0644\u0645\u062c\u0644\u0633 \u0627\u0644\u0623\u0639\u0644\u0649 \u0644\u0644\u0639\u0644\u0645\u0627\u0621 (\u0627\u0644\u062a\u0639\u0627\u0648\u0646 \u0641\u064a \u0645\u0637\u0627\u0628\u0642\u0629 \u0625\u0635\u062f\u0627\u0631\u0627\u062a \u0627\u0644\u062c\u0645\u0639\u064a\u0629 \u0644\u0644\u0634\u0631\u064a\u0639\u0629)<\/h6><h6>- \u0648\u0632\u0627\u0631\u0629 \u0627\u0644\u0627\u0642\u062a\u0635\u0627\u062f \u0648\u0627\u0644\u0645\u0627\u0644\u064a\u0629 (\u0627\u0644\u0645\u0633\u0627\u0647\u0645\u0629 \u0641\u064a \u0633\u064a\u0627\u0633\u0629 \u0627\u0644\u0625\u062f\u0645\u0627\u062c \u0627\u0644\u0645\u0627\u0644\u064a)<\/h6><h6>-\u0627\u0644\u0647\u064a\u0626\u0627\u062a<\/h6>\t\t\t\t\t\t\t\t<\/div>\n\t\t\t\t<\/div>\n\t\t\t\t\t<\/div>\n\t\t<\/div>\n\t\t\t\t\t<\/div>\n\t\t<\/section>\n\t\t\t\t<\/div>","protected":false},"excerpt":{"rendered":"<p>PARTENARIATS PROFESSIONNELS PRESSENTIS 1 &#8211; Institutions Acad\u00e9miques &#8211; Universit\u00e9s nationales et r\u00e9gionales : (Sensibilisation des \u00e9tudiants et soutien \u00e0 la recherche) \u00a0&#8211; Acad\u00e9mies R\u00e9gionales de l\u2019Education : (Education Financi\u00e8re \u00e9thique des \u00e9l\u00e8ves des \u00e9coles) &#8211; Ecoles sup\u00e9rieures priv\u00e9es et publiques : (Education financi\u00e8re des \u00e9tudiants) 2 &#8211; Associations de la Soci\u00e9t\u00e9 Civile &#8211; Associations locales &hellip;<\/p>\n<p class=\"read-more\"> <a class=\"\" href=\"https:\/\/www.apaf.ma\/ar\/partenariats\/\"> <span class=\"screen-reader-text\">\u0627\u0644\u0634\u0631\u0627\u0643\u0627\u062a<\/span> Read More &raquo;<\/a><\/p>","protected":false},"author":1,"featured_media":0,"parent":0,"menu_order":0,"comment_status":"closed","ping_status":"closed","template":"","meta":{"site-sidebar-layout":"no-sidebar","site-content-layout":"page-builder","ast-global-header-display":"","ast-main-header-display":"","ast-hfb-above-header-display":"","ast-hfb-below-header-display":"","ast-hfb-mobile-header-display":"","site-post-title":"disabled","ast-breadcrumbs-content":"","ast-featured-img":"disabled","footer-sml-layout":"","theme-transparent-header-meta":"","adv-header-id-meta":"","stick-header-meta":"","header-above-stick-meta":"","header-main-stick-meta":"","header-below-stick-meta":"","footnotes":""},"class_list":["post-2850","page","type-page","status-publish","hentry"],"_links":{"self":[{"href":"https:\/\/www.apaf.ma\/ar\/wp-json\/wp\/v2\/pages\/2850","targetHints":{"allow":["GET"]}}],"collection":[{"href":"https:\/\/www.apaf.ma\/ar\/wp-json\/wp\/v2\/pages"}],"about":[{"href":"https:\/\/www.apaf.ma\/ar\/wp-json\/wp\/v2\/types\/page"}],"author":[{"embeddable":true,"href":"https:\/\/www.apaf.ma\/ar\/wp-json\/wp\/v2\/users\/1"}],"replies":[{"embeddable":true,"href":"https:\/\/www.apaf.ma\/ar\/wp-json\/wp\/v2\/comments?post=2850"}],"version-history":[{"count":29,"href":"https:\/\/www.apaf.ma\/ar\/wp-json\/wp\/v2\/pages\/2850\/revisions"}],"predecessor-version":[{"id":2997,"href":"https:\/\/www.apaf.ma\/ar\/wp-json\/wp\/v2\/pages\/2850\/revisions\/2997"}],"wp:attachment":[{"href":"https:\/\/www.apaf.ma\/ar\/wp-json\/wp\/v2\/media?parent=2850"}],"curies":[{"name":"wp","href":"https:\/\/api.w.org\/{rel}","templated":true}]}}